{"id":503,"date":"2015-10-11T11:55:28","date_gmt":"2015-10-11T10:55:28","guid":{"rendered":"https:\/\/m2japarisdescartes.wordpress.com\/?page_id=503"},"modified":"2022-12-27T00:28:51","modified_gmt":"2022-12-26T23:28:51","slug":"accueil","status":"publish","type":"page","link":"http:\/\/www2.droit.univ-paris5.fr\/master-affaires\/","title":{"rendered":"Accueil"},"content":{"rendered":"<p><img decoding=\"async\" loading=\"lazy\" class=\"aligncenter wp-image-1984\" src=\"http:\/\/www2.droit.univ-paris5.fr\/master-affaires\/wp-content\/uploads\/2022\/12\/UPCit\u00e9-Logo-horizontal-1024x390.jpg\" alt=\"UPCit\u00e9 Logo horizontal\" width=\"341\" height=\"130\" srcset=\"http:\/\/www2.droit.univ-paris5.fr\/master-affaires\/wp-content\/uploads\/2022\/12\/UPCit\u00e9-Logo-horizontal-1024x390.jpg 1024w, http:\/\/www2.droit.univ-paris5.fr\/master-affaires\/wp-content\/uploads\/2022\/12\/UPCit\u00e9-Logo-horizontal-300x114.jpg 300w, http:\/\/www2.droit.univ-paris5.fr\/master-affaires\/wp-content\/uploads\/2022\/12\/UPCit\u00e9-Logo-horizontal-768x293.jpg 768w, http:\/\/www2.droit.univ-paris5.fr\/master-affaires\/wp-content\/uploads\/2022\/12\/UPCit\u00e9-Logo-horizontal-800x305.jpg 800w, http:\/\/www2.droit.univ-paris5.fr\/master-affaires\/wp-content\/uploads\/2022\/12\/UPCit\u00e9-Logo-horizontal.jpg 1836w\" sizes=\"(max-width: 341px) 100vw, 341px\" \/><\/p>\n<h1 style=\"text-align: center;\">Le mot des directeurs<\/h1>\n<blockquote>\n<p style=\"text-align: justify;\">Le Master 2 Juriste d&rsquo;affaires de la Facult\u00e9 de Droit de l&rsquo;Universit\u00e9 Paris Descartes Sorbonne Paris Cit\u00e9 est consid\u00e9r\u00e9 par la presse \u00e9conomique comme l&rsquo;une des meilleures formations en\u00a0droit des affaires.<\/p>\n<p style=\"text-align: justify;\">Son excellence est reconnue par les praticiens qu&rsquo;il s&rsquo;agisse de cabinets d&rsquo;avocats (fran\u00e7ais et internationaux) ou de directions juridiques d&rsquo;entreprises.<\/p>\n<p style=\"text-align: justify;\">Le dipl\u00f4me fournit aux \u00e9tudiants une formation g\u00e9n\u00e9raliste et approfondie en droit des affaires\u00a0: le droit de la concurrence, les financements des entreprises, les techniques contractuelles ou la structure des entreprises figurent notamment dans notre programme.<\/p>\n<p style=\"text-align: justify;\">La richesse de notre cursus repose sur l\u2019association \u00e9troite d\u2019un universitaire et d\u2019un praticien par mati\u00e8re, ce qui permet aux \u00e9tudiants d\u2019allier la th\u00e9orie et la pratique.<\/p>\n<p style=\"text-align: justify;\">Le stage obligatoire de\u00a0deux mois minimum offre aux \u00e9tudiants la possibilit\u00e9 d&rsquo;\u00e9prouver leurs connaissances et de d\u00e9couvrir leurs potentialit\u00e9s.<\/p>\n<p style=\"text-align: justify;\">Fond\u00e9 il y a plus de trente ans, ce programme a form\u00e9 plusieurs g\u00e9n\u00e9rations d\u2019avocats, de juristes et de fiscalistes.<\/p>\n<p style=\"text-align: justify;\">Aujourd\u2019hui, la r\u00e9ussite des anciens du dipl\u00f4me motive les nouvelles promotions.<\/p>\n<\/blockquote>\n<p style=\"text-align: right;\"><strong>Isabelle URBAIN-PARLEANI, Philippe DIDIER et Philippe ROUSSEL GALLE<\/strong><br \/>\nAgr\u00e9g\u00e9s de droit priv\u00e9 et de sciences criminelles<br \/>\nProfesseurs des Facult\u00e9s de droit<\/p>\n<hr \/>\n<h1 style=\"text-align: center;\">Vid\u00e9o de pr\u00e9sentation<\/h1>\n<h1 style=\"text-align: center;\"><iframe loading=\"lazy\" style=\"border: none;\" src=\"https:\/\/mediasd.parisdescartes.fr\/embed#\/?m=9UDajBSnrO5-o\" width=\"640\" height=\"360\" allowfullscreen=\"allowfullscreen\"><\/iframe><\/h1>\n<h1 style=\"text-align: center;\"><img decoding=\"async\" loading=\"lazy\" class=\"aligncenter wp-image-2026 size-thumbnail\" title=\"M2 Juriste d'affaires - Paris Descartes\" src=\"http:\/\/www2.droit.univ-paris5.fr\/master-affaires\/wp-content\/uploads\/2022\/12\/UPCit\u00e9-Logo-150x150.jpg\" alt=\"\" width=\"150\" height=\"150\" srcset=\"http:\/\/www2.droit.univ-paris5.fr\/master-affaires\/wp-content\/uploads\/2022\/12\/UPCit\u00e9-Logo-150x150.jpg 150w, http:\/\/www2.droit.univ-paris5.fr\/master-affaires\/wp-content\/uploads\/2022\/12\/UPCit\u00e9-Logo-300x300.jpg 300w, http:\/\/www2.droit.univ-paris5.fr\/master-affaires\/wp-content\/uploads\/2022\/12\/UPCit\u00e9-Logo-768x768.jpg 768w, http:\/\/www2.droit.univ-paris5.fr\/master-affaires\/wp-content\/uploads\/2022\/12\/UPCit\u00e9-Logo-800x800.jpg 800w, http:\/\/www2.droit.univ-paris5.fr\/master-affaires\/wp-content\/uploads\/2022\/12\/UPCit\u00e9-Logo.jpg 1000w\" sizes=\"(max-width: 150px) 100vw, 150px\" \/><\/h1>\n","protected":false},"excerpt":{"rendered":"<p>Le mot des directeurs Le Master 2 Juriste d&rsquo;affaires de la Facult\u00e9 de Droit de l&rsquo;Universit\u00e9 Paris Descartes Sorbonne Paris Cit\u00e9 est consid\u00e9r\u00e9 par la presse \u00e9conomique comme l&rsquo;une des meilleures formations en\u00a0droit des affaires. Son excellence est reconnue par les praticiens qu&rsquo;il s&rsquo;agisse de cabinets d&rsquo;avocats (fran\u00e7ais et internationaux) ou de directions juridiques d&rsquo;entreprises&#8230;.<\/p>\n","protected":false},"author":1,"featured_media":0,"parent":0,"menu_order":1,"comment_status":"closed","ping_status":"closed","template":"","meta":[],"yoast_head":"<!-- This site is optimized with the Yoast SEO plugin v20.8 - https:\/\/yoast.com\/wordpress\/plugins\/seo\/ -->\n<title>Master 2 Juriste d&#039;affaires de l&#039;Universit\u00e9 Paris Cit\u00e9<\/title>\n<meta name=\"description\" content=\"Bienvenue sur le site du Master 2 Juriste d&#039;affaires de l&#039;Universit\u00e9 Paris Descartes dirig\u00e9 par les Professeurs I. URBAIN-PARLEANI et Ph. DIDIER.\" \/>\n<meta name=\"robots\" content=\"index, follow, max-snippet:-1, max-image-preview:large, max-video-preview:-1\" \/>\n<link rel=\"canonical\" href=\"http:\/\/www2.droit.univ-paris5.fr\/master-affaires\/\" \/>\n<meta property=\"og:locale\" content=\"fr_FR\" \/>\n<meta property=\"og:type\" content=\"article\" \/>\n<meta property=\"og:title\" content=\"Master 2 Juriste d&#039;affaires de l&#039;Universit\u00e9 Paris Cit\u00e9\" \/>\n<meta property=\"og:description\" content=\"Bienvenue sur le site du Master 2 Juriste d&#039;affaires de l&#039;Universit\u00e9 Paris Descartes dirig\u00e9 par les Professeurs I. URBAIN-PARLEANI et Ph. DIDIER.\" \/>\n<meta property=\"og:url\" content=\"http:\/\/www2.droit.univ-paris5.fr\/master-affaires\/\" \/>\n<meta property=\"og:site_name\" content=\"Master 2 Juriste d&#039;affaires Universit\u00e9 Paris Cit\u00e9\" \/>\n<meta property=\"article:publisher\" content=\"https:\/\/www.facebook.com\/Master-2-Juriste-dAffaires-Universit%c3%a9-Paris-V-445434675648133\/\" \/>\n<meta property=\"article:modified_time\" content=\"2022-12-26T23:28:51+00:00\" \/>\n<meta property=\"og:image\" content=\"http:\/\/www2.droit.univ-paris5.fr\/master-affaires\/wp-content\/uploads\/2015\/10\/12132455_10207841716139060_1626380333244744056_o1.jpg\" \/>\n\t<meta property=\"og:image:width\" content=\"500\" \/>\n\t<meta property=\"og:image:height\" content=\"500\" \/>\n\t<meta property=\"og:image:type\" content=\"image\/jpeg\" \/>\n<meta name=\"twitter:card\" content=\"summary_large_image\" \/>\n<meta name=\"twitter:label1\" content=\"Dur\u00e9e de lecture estim\u00e9e\" \/>\n\t<meta name=\"twitter:data1\" content=\"1 minute\" \/>\n<script type=\"application\/ld+json\" class=\"yoast-schema-graph\">{\"@context\":\"https:\/\/schema.org\",\"@graph\":[{\"@type\":\"WebPage\",\"@id\":\"http:\/\/www2.droit.univ-paris5.fr\/master-affaires\/\",\"url\":\"http:\/\/www2.droit.univ-paris5.fr\/master-affaires\/\",\"name\":\"Master 2 Juriste d'affaires de l'Universit\u00e9 Paris Cit\u00e9\",\"isPartOf\":{\"@id\":\"http:\/\/www2.droit.univ-paris5.fr\/master-affaires\/#website\"},\"datePublished\":\"2015-10-11T10:55:28+00:00\",\"dateModified\":\"2022-12-26T23:28:51+00:00\",\"description\":\"Bienvenue sur le site du Master 2 Juriste d'affaires de l'Universit\u00e9 Paris Descartes dirig\u00e9 par les Professeurs I. URBAIN-PARLEANI et Ph. DIDIER.\",\"breadcrumb\":{\"@id\":\"http:\/\/www2.droit.univ-paris5.fr\/master-affaires\/#breadcrumb\"},\"inLanguage\":\"fr-FR\",\"potentialAction\":[{\"@type\":\"ReadAction\",\"target\":[\"http:\/\/www2.droit.univ-paris5.fr\/master-affaires\/\"]}]},{\"@type\":\"BreadcrumbList\",\"@id\":\"http:\/\/www2.droit.univ-paris5.fr\/master-affaires\/#breadcrumb\",\"itemListElement\":[{\"@type\":\"ListItem\",\"position\":1,\"name\":\"Accueil\",\"item\":\"http:\/\/www2.droit.univ-paris5.fr\/master-affaires\/\"},{\"@type\":\"ListItem\",\"position\":2,\"name\":\"Accueil\"}]},{\"@type\":\"WebSite\",\"@id\":\"http:\/\/www2.droit.univ-paris5.fr\/master-affaires\/#website\",\"url\":\"http:\/\/www2.droit.univ-paris5.fr\/master-affaires\/\",\"name\":\"Master 2 Juriste d&#039;affaires Universit\u00e9 Paris Cit\u00e9\",\"description\":\"\",\"publisher\":{\"@id\":\"http:\/\/www2.droit.univ-paris5.fr\/master-affaires\/#organization\"},\"potentialAction\":[{\"@type\":\"SearchAction\",\"target\":{\"@type\":\"EntryPoint\",\"urlTemplate\":\"http:\/\/www2.droit.univ-paris5.fr\/master-affaires\/?s={search_term_string}\"},\"query-input\":\"required name=search_term_string\"}],\"inLanguage\":\"fr-FR\"},{\"@type\":\"Organization\",\"@id\":\"http:\/\/www2.droit.univ-paris5.fr\/master-affaires\/#organization\",\"name\":\"Master II Juriste d'affaires -Universit\u00e9 Paris Descartes\",\"url\":\"http:\/\/www2.droit.univ-paris5.fr\/master-affaires\/\",\"logo\":{\"@type\":\"ImageObject\",\"inLanguage\":\"fr-FR\",\"@id\":\"http:\/\/www2.droit.univ-paris5.fr\/master-affaires\/#\/schema\/logo\/image\/\",\"url\":\"http:\/\/www2.droit.univ-paris5.fr\/master-affaires\/wp-content\/uploads\/2015\/10\/12132455_10207841716139060_1626380333244744056_o1.jpg\",\"contentUrl\":\"http:\/\/www2.droit.univ-paris5.fr\/master-affaires\/wp-content\/uploads\/2015\/10\/12132455_10207841716139060_1626380333244744056_o1.jpg\",\"width\":500,\"height\":500,\"caption\":\"Master II Juriste d'affaires -Universit\u00e9 Paris Descartes\"},\"image\":{\"@id\":\"http:\/\/www2.droit.univ-paris5.fr\/master-affaires\/#\/schema\/logo\/image\/\"},\"sameAs\":[\"https:\/\/www.facebook.com\/Master-2-Juriste-dAffaires-Universit\u00e9-Paris-V-445434675648133\/\"]}]}<\/script>\n<!-- \/ Yoast SEO plugin. -->","yoast_head_json":{"title":"Master 2 Juriste d'affaires de l'Universit\u00e9 Paris Cit\u00e9","description":"Bienvenue sur le site du Master 2 Juriste d'affaires de l'Universit\u00e9 Paris Descartes dirig\u00e9 par les Professeurs I. URBAIN-PARLEANI et Ph. DIDIER.","robots":{"index":"index","follow":"follow","max-snippet":"max-snippet:-1","max-image-preview":"max-image-preview:large","max-video-preview":"max-video-preview:-1"},"canonical":"http:\/\/www2.droit.univ-paris5.fr\/master-affaires\/","og_locale":"fr_FR","og_type":"article","og_title":"Master 2 Juriste d'affaires de l'Universit\u00e9 Paris Cit\u00e9","og_description":"Bienvenue sur le site du Master 2 Juriste d'affaires de l'Universit\u00e9 Paris Descartes dirig\u00e9 par les Professeurs I. URBAIN-PARLEANI et Ph. DIDIER.","og_url":"http:\/\/www2.droit.univ-paris5.fr\/master-affaires\/","og_site_name":"Master 2 Juriste d&#039;affaires Universit\u00e9 Paris Cit\u00e9","article_publisher":"https:\/\/www.facebook.com\/Master-2-Juriste-dAffaires-Universit%c3%a9-Paris-V-445434675648133\/","article_modified_time":"2022-12-26T23:28:51+00:00","og_image":[{"width":500,"height":500,"url":"http:\/\/www2.droit.univ-paris5.fr\/master-affaires\/wp-content\/uploads\/2015\/10\/12132455_10207841716139060_1626380333244744056_o1.jpg","type":"image\/jpeg"}],"twitter_card":"summary_large_image","twitter_misc":{"Dur\u00e9e de lecture estim\u00e9e":"1 minute"},"schema":{"@context":"https:\/\/schema.org","@graph":[{"@type":"WebPage","@id":"http:\/\/www2.droit.univ-paris5.fr\/master-affaires\/","url":"http:\/\/www2.droit.univ-paris5.fr\/master-affaires\/","name":"Master 2 Juriste d'affaires de l'Universit\u00e9 Paris Cit\u00e9","isPartOf":{"@id":"http:\/\/www2.droit.univ-paris5.fr\/master-affaires\/#website"},"datePublished":"2015-10-11T10:55:28+00:00","dateModified":"2022-12-26T23:28:51+00:00","description":"Bienvenue sur le site du Master 2 Juriste d'affaires de l'Universit\u00e9 Paris Descartes dirig\u00e9 par les Professeurs I. URBAIN-PARLEANI et Ph. DIDIER.","breadcrumb":{"@id":"http:\/\/www2.droit.univ-paris5.fr\/master-affaires\/#breadcrumb"},"inLanguage":"fr-FR","potentialAction":[{"@type":"ReadAction","target":["http:\/\/www2.droit.univ-paris5.fr\/master-affaires\/"]}]},{"@type":"BreadcrumbList","@id":"http:\/\/www2.droit.univ-paris5.fr\/master-affaires\/#breadcrumb","itemListElement":[{"@type":"ListItem","position":1,"name":"Accueil","item":"http:\/\/www2.droit.univ-paris5.fr\/master-affaires\/"},{"@type":"ListItem","position":2,"name":"Accueil"}]},{"@type":"WebSite","@id":"http:\/\/www2.droit.univ-paris5.fr\/master-affaires\/#website","url":"http:\/\/www2.droit.univ-paris5.fr\/master-affaires\/","name":"Master 2 Juriste d&#039;affaires Universit\u00e9 Paris Cit\u00e9","description":"","publisher":{"@id":"http:\/\/www2.droit.univ-paris5.fr\/master-affaires\/#organization"},"potentialAction":[{"@type":"SearchAction","target":{"@type":"EntryPoint","urlTemplate":"http:\/\/www2.droit.univ-paris5.fr\/master-affaires\/?s={search_term_string}"},"query-input":"required name=search_term_string"}],"inLanguage":"fr-FR"},{"@type":"Organization","@id":"http:\/\/www2.droit.univ-paris5.fr\/master-affaires\/#organization","name":"Master II Juriste d'affaires -Universit\u00e9 Paris Descartes","url":"http:\/\/www2.droit.univ-paris5.fr\/master-affaires\/","logo":{"@type":"ImageObject","inLanguage":"fr-FR","@id":"http:\/\/www2.droit.univ-paris5.fr\/master-affaires\/#\/schema\/logo\/image\/","url":"http:\/\/www2.droit.univ-paris5.fr\/master-affaires\/wp-content\/uploads\/2015\/10\/12132455_10207841716139060_1626380333244744056_o1.jpg","contentUrl":"http:\/\/www2.droit.univ-paris5.fr\/master-affaires\/wp-content\/uploads\/2015\/10\/12132455_10207841716139060_1626380333244744056_o1.jpg","width":500,"height":500,"caption":"Master II Juriste d'affaires -Universit\u00e9 Paris Descartes"},"image":{"@id":"http:\/\/www2.droit.univ-paris5.fr\/master-affaires\/#\/schema\/logo\/image\/"},"sameAs":["https:\/\/www.facebook.com\/Master-2-Juriste-dAffaires-Universit\u00e9-Paris-V-445434675648133\/"]}]}},"_links":{"self":[{"href":"http:\/\/www2.droit.univ-paris5.fr\/master-affaires\/index.php?rest_route=\/wp\/v2\/pages\/503"}],"collection":[{"href":"http:\/\/www2.droit.univ-paris5.fr\/master-affaires\/index.php?rest_route=\/wp\/v2\/pages"}],"about":[{"href":"http:\/\/www2.droit.univ-paris5.fr\/master-affaires\/index.php?rest_route=\/wp\/v2\/types\/page"}],"author":[{"embeddable":true,"href":"http:\/\/www2.droit.univ-paris5.fr\/master-affaires\/index.php?rest_route=\/wp\/v2\/users\/1"}],"replies":[{"embeddable":true,"href":"http:\/\/www2.droit.univ-paris5.fr\/master-affaires\/index.php?rest_route=%2Fwp%2Fv2%2Fcomments&post=503"}],"version-history":[{"count":142,"href":"http:\/\/www2.droit.univ-paris5.fr\/master-affaires\/index.php?rest_route=\/wp\/v2\/pages\/503\/revisions"}],"predecessor-version":[{"id":2027,"href":"http:\/\/www2.droit.univ-paris5.fr\/master-affaires\/index.php?rest_route=\/wp\/v2\/pages\/503\/revisions\/2027"}],"wp:attachment":[{"href":"http:\/\/www2.droit.univ-paris5.fr\/master-affaires\/index.php?rest_route=%2Fwp%2Fv2%2Fmedia&parent=503"}],"curies":[{"name":"wp","href":"https:\/\/api.w.org\/{rel}","templated":true}]}}